{"id":254,"date":"2015-10-14T09:40:48","date_gmt":"2015-10-14T09:40:48","guid":{"rendered":"http:\/\/www.2rocks.nl\/de\/?page_id=254"},"modified":"2016-04-04T17:35:59","modified_gmt":"2016-04-04T17:35:59","slug":"warum-2rocks","status":"publish","type":"page","link":"https:\/\/www.2rocks.nl\/de\/warum-2rocks\/","title":{"rendered":"Warum 2ROCKS"},"content":{"rendered":"<h2>Warum ist 2Rocks der ideale Ansprechpartner f\u00fcr Ihre Fragen und Herausforderungen auf Immobiliengebiet?<\/h2>\n<p>Egal ob Anlagen, Verwaltung oder Projektentwicklung &#8211; 2Rocks ist der ausgezeichnete Immobilienprofi. Die drei Gesch\u00e4ftsf\u00fchrer von 2Rocks, Bauke Bakhuizen, Paul Lakeman und Wouter van Wetering, k\u00f6nnen gemeinsam mit gut 100 Jahren Immobilienerfahrung aufwarten. Erfahrung und Kompetenz, die gebraucht wird: zum Aufbau und Verwaltung von direkten oder indirekten, von uns selbst gegr\u00fcndeten und verwalteten Immobilienfonds. Auch Asset Management, Verwaltung, Instandhaltung und Vermietung, der An- und Verkauf von Objekten und die Verwaltung von hochwertigen Immobilienportfolios ist bei uns in guten H\u00e4nden. 2Rocks ist von Haus aus auf Management spezialisiert. Unser Schwerpunkt ist die Verwaltung von Immobilienportfolios. Weitblick und die gezielte Nutzung von Gelegenheiten haben das Produktportfolio anwachsen lassen. Inzwischen wenden wir uns mit einem Allround-Angebot an den Immobilienmarkt.<\/p>\n<p>2Rocks hat sich optimale Renditen und solide Beratung auf die Fahnen geschrieben. Alles zum Nutzen unserer Auftraggeber. Zu Ihren Nutzen!<\/p>\n","protected":false},"excerpt":{"rendered":"Warum ist 2Rocks der ideale Ansprechpartner f\u00fcr Ihre Fragen und Herausforderungen auf Immobiliengebiet? Egal ob Anlagen, Verwaltung oder Projektentwicklung &#8211; 2Rocks ist der ausgezeichnete Immobilienprofi. Die drei Gesch\u00e4ftsf\u00fchrer von 2Rocks, Bauke Bakhuizen, Paul Lakeman und Wouter van Wetering, k\u00f6nnen gemeinsam mit gut 100 Jahren Immobilienerfahrung aufwarten. Erfahrung und Kompetenz, die gebraucht wird: zum Aufbau und&#8230; <a class=\"view-article\" href=\"https:\/\/www.2rocks.nl\/de\/warum-2rocks\/\">Artikel ansehen<\/a>","protected":false},"author":2,"featured_media":0,"parent":0,"menu_order":0,"comment_status":"closed","ping_status":"closed","template":"","meta":{"_acf_changed":false,"_monsterinsights_skip_tracking":false,"_monsterinsights_sitenote_active":false,"_monsterinsights_sitenote_note":"","_monsterinsights_sitenote_category":0,"footnotes":""},"class_list":["post-254","page","type-page","status-publish","hentry"],"acf":[],"yoast_head":"<!-- This site is optimized with the Yoast SEO plugin v23.1 - https:\/\/yoast.com\/wordpress\/plugins\/seo\/ -->\n<title>Warum 2ROCKS - 2Rocks<\/title>\n<meta name=\"robots\" content=\"index, follow, max-snippet:-1, max-image-preview:large, max-video-preview:-1\" \/>\n<link rel=\"canonical\" href=\"http:\/\/www.2rocks.nl\/de\/warum-2rocks\/\" \/>\n<meta property=\"og:locale\" content=\"de_DE\" \/>\n<meta property=\"og:type\" content=\"article\" \/>\n<meta property=\"og:title\" content=\"Warum 2ROCKS - 2Rocks\" \/>\n<meta property=\"og:description\" content=\"Warum ist 2Rocks der ideale Ansprechpartner f\u00fcr Ihre Fragen und Herausforderungen auf Immobiliengebiet? Egal ob Anlagen, Verwaltung oder Projektentwicklung &#8211; 2Rocks ist der ausgezeichnete Immobilienprofi. Die drei Gesch\u00e4ftsf\u00fchrer von 2Rocks, Bauke Bakhuizen, Paul Lakeman und Wouter van Wetering, k\u00f6nnen gemeinsam mit gut 100 Jahren Immobilienerfahrung aufwarten. Erfahrung und Kompetenz, die gebraucht wird: zum Aufbau und... Artikel ansehen\" \/>\n<meta property=\"og:url\" content=\"http:\/\/www.2rocks.nl\/de\/warum-2rocks\/\" \/>\n<meta property=\"og:site_name\" content=\"2Rocks\" \/>\n<meta property=\"article:modified_time\" content=\"2016-04-04T17:35:59+00:00\" \/>\n<meta name=\"twitter:card\" content=\"summary_large_image\" \/>\n<meta name=\"twitter:label1\" content=\"Gesch\u00e4tzte Lesezeit\" \/>\n\t<meta name=\"twitter:data1\" content=\"1\u00a0Minute\" \/>\n<script type=\"application\/ld+json\" class=\"yoast-schema-graph\">{\"@context\":\"https:\/\/schema.org\",\"@graph\":[{\"@type\":\"WebPage\",\"@id\":\"http:\/\/www.2rocks.nl\/de\/warum-2rocks\/\",\"url\":\"http:\/\/www.2rocks.nl\/de\/warum-2rocks\/\",\"name\":\"Warum 2ROCKS - 2Rocks\",\"isPartOf\":{\"@id\":\"https:\/\/www.2rocks.nl\/#website\"},\"datePublished\":\"2015-10-14T09:40:48+00:00\",\"dateModified\":\"2016-04-04T17:35:59+00:00\",\"breadcrumb\":{\"@id\":\"http:\/\/www.2rocks.nl\/de\/warum-2rocks\/#breadcrumb\"},\"inLanguage\":\"de\",\"potentialAction\":[{\"@type\":\"ReadAction\",\"target\":[\"http:\/\/www.2rocks.nl\/de\/warum-2rocks\/\"]}]},{\"@type\":\"BreadcrumbList\",\"@id\":\"http:\/\/www.2rocks.nl\/de\/warum-2rocks\/#breadcrumb\",\"itemListElement\":[{\"@type\":\"ListItem\",\"position\":1,\"name\":\"Home\",\"item\":\"http:\/\/www.2rocks.nl\/de\/\"},{\"@type\":\"ListItem\",\"position\":2,\"name\":\"Warum 2ROCKS\"}]},{\"@type\":\"WebSite\",\"@id\":\"https:\/\/www.2rocks.nl\/#website\",\"url\":\"https:\/\/www.2rocks.nl\/\",\"name\":\"2Rocks\",\"description\":\"VASTGOED DEVELOPMENT, INVESTMENT &amp; MANAGEMENT\",\"potentialAction\":[{\"@type\":\"SearchAction\",\"target\":{\"@type\":\"EntryPoint\",\"urlTemplate\":\"https:\/\/www.2rocks.nl\/?s={search_term_string}\"},\"query-input\":\"required name=search_term_string\"}],\"inLanguage\":\"de\"}]}<\/script>\n<!-- \/ Yoast SEO plugin. -->","yoast_head_json":{"title":"Warum 2ROCKS - 2Rocks","robots":{"index":"index","follow":"follow","max-snippet":"max-snippet:-1","max-image-preview":"max-image-preview:large","max-video-preview":"max-video-preview:-1"},"canonical":"http:\/\/www.2rocks.nl\/de\/warum-2rocks\/","og_locale":"de_DE","og_type":"article","og_title":"Warum 2ROCKS - 2Rocks","og_description":"Warum ist 2Rocks der ideale Ansprechpartner f\u00fcr Ihre Fragen und Herausforderungen auf Immobiliengebiet? Egal ob Anlagen, Verwaltung oder Projektentwicklung &#8211; 2Rocks ist der ausgezeichnete Immobilienprofi. Die drei Gesch\u00e4ftsf\u00fchrer von 2Rocks, Bauke Bakhuizen, Paul Lakeman und Wouter van Wetering, k\u00f6nnen gemeinsam mit gut 100 Jahren Immobilienerfahrung aufwarten. Erfahrung und Kompetenz, die gebraucht wird: zum Aufbau und... Artikel ansehen","og_url":"http:\/\/www.2rocks.nl\/de\/warum-2rocks\/","og_site_name":"2Rocks","article_modified_time":"2016-04-04T17:35:59+00:00","twitter_card":"summary_large_image","twitter_misc":{"Gesch\u00e4tzte Lesezeit":"1\u00a0Minute"},"schema":{"@context":"https:\/\/schema.org","@graph":[{"@type":"WebPage","@id":"http:\/\/www.2rocks.nl\/de\/warum-2rocks\/","url":"http:\/\/www.2rocks.nl\/de\/warum-2rocks\/","name":"Warum 2ROCKS - 2Rocks","isPartOf":{"@id":"https:\/\/www.2rocks.nl\/#website"},"datePublished":"2015-10-14T09:40:48+00:00","dateModified":"2016-04-04T17:35:59+00:00","breadcrumb":{"@id":"http:\/\/www.2rocks.nl\/de\/warum-2rocks\/#breadcrumb"},"inLanguage":"de","potentialAction":[{"@type":"ReadAction","target":["http:\/\/www.2rocks.nl\/de\/warum-2rocks\/"]}]},{"@type":"BreadcrumbList","@id":"http:\/\/www.2rocks.nl\/de\/warum-2rocks\/#breadcrumb","itemListElement":[{"@type":"ListItem","position":1,"name":"Home","item":"http:\/\/www.2rocks.nl\/de\/"},{"@type":"ListItem","position":2,"name":"Warum 2ROCKS"}]},{"@type":"WebSite","@id":"https:\/\/www.2rocks.nl\/#website","url":"https:\/\/www.2rocks.nl\/","name":"2Rocks","description":"VASTGOED DEVELOPMENT, INVESTMENT &amp; MANAGEMENT","potentialAction":[{"@type":"SearchAction","target":{"@type":"EntryPoint","urlTemplate":"https:\/\/www.2rocks.nl\/?s={search_term_string}"},"query-input":"required name=search_term_string"}],"inLanguage":"de"}]}},"_links":{"self":[{"href":"https:\/\/www.2rocks.nl\/de\/wp-json\/wp\/v2\/pages\/254"}],"collection":[{"href":"https:\/\/www.2rocks.nl\/de\/wp-json\/wp\/v2\/pages"}],"about":[{"href":"https:\/\/www.2rocks.nl\/de\/wp-json\/wp\/v2\/types\/page"}],"author":[{"embeddable":true,"href":"https:\/\/www.2rocks.nl\/de\/wp-json\/wp\/v2\/users\/2"}],"replies":[{"embeddable":true,"href":"https:\/\/www.2rocks.nl\/de\/wp-json\/wp\/v2\/comments?post=254"}],"version-history":[{"count":2,"href":"https:\/\/www.2rocks.nl\/de\/wp-json\/wp\/v2\/pages\/254\/revisions"}],"predecessor-version":[{"id":454,"href":"https:\/\/www.2rocks.nl\/de\/wp-json\/wp\/v2\/pages\/254\/revisions\/454"}],"wp:attachment":[{"href":"https:\/\/www.2rocks.nl\/de\/wp-json\/wp\/v2\/media?parent=254"}],"curies":[{"name":"wp","href":"https:\/\/api.w.org\/{rel}","templated":true}]}}