{"id":256,"date":"2015-10-14T09:41:41","date_gmt":"2015-10-14T09:41:41","guid":{"rendered":"http:\/\/www.2rocks.nl\/de\/?page_id=256"},"modified":"2016-04-04T17:38:20","modified_gmt":"2016-04-04T17:38:20","slug":"unsere-arbeitsweise","status":"publish","type":"page","link":"http:\/\/www.2rocks.nl\/de\/unsere-arbeitsweise\/","title":{"rendered":"Unsere Arbeitsweise"},"content":{"rendered":"<h2>Ganzheitlicher Allround-Ansatz<\/h2>\n<p>2Rocks agiert mit einem ganzheitlichen Allround-Ansatz auf dem Immobilienmarkt. Dies k\u00f6nnen wir nur leisten dank gezielter Kooperation mit tonangebenden Partnern, an denen wir teilweise auch beteiligt sind. Hochspezialisierte Experten, die gemeinsam mit uns ein Totalangebot realisieren, die Ihnen jedoch auch in bestimmten Teilaspekten weiterhelfen k\u00f6nnen. F\u00fcr Sie, unseren Auftraggeber, setzen wir alle Hebel in Bewegung, um eine optimale Rendite zu erzielen &#8211; im Rahmen einer offenen und unb\u00fcrokratischen Gesch\u00e4ftsbeziehung. Maximale Rendite in Sachen Immobilienfonds, Asset Management, Immobilienverwaltung, Instandhaltung, Vermietung sowie An- und Verkauf von Immobilien. Unser Ausgangspunkt: Wir m\u00f6chten Ihnen die zuverl\u00e4ssigsten Dienstleistungen und L\u00f6sungen bieten, indem wir das Know-how und die Erfahrung unserer eigenen Immobilienprofis mit dem Wissen der mit uns kooperierenden Partner kombinieren.<br \/>\nDa wir mit diesen Partnern auch unsere R\u00e4umlichkeiten teilen, ist die Kommunikation unkompliziert. Das steigert die Qualit\u00e4t und die versetzt uns in die Lage, schnell zu schalten.<\/p>\n","protected":false},"excerpt":{"rendered":"Ganzheitlicher Allround-Ansatz 2Rocks agiert mit einem ganzheitlichen Allround-Ansatz auf dem Immobilienmarkt. Dies k\u00f6nnen wir nur leisten dank gezielter Kooperation mit tonangebenden Partnern, an denen wir teilweise auch beteiligt sind. Hochspezialisierte Experten, die gemeinsam mit uns ein Totalangebot realisieren, die Ihnen jedoch auch in bestimmten Teilaspekten weiterhelfen k\u00f6nnen. F\u00fcr Sie, unseren Auftraggeber, setzen wir alle Hebel&#8230; <a class=\"view-article\" href=\"http:\/\/www.2rocks.nl\/de\/unsere-arbeitsweise\/\">Artikel ansehen<\/a>","protected":false},"author":2,"featured_media":0,"parent":0,"menu_order":0,"comment_status":"closed","ping_status":"closed","template":"","meta":{"_acf_changed":false,"_monsterinsights_skip_tracking":false,"_monsterinsights_sitenote_active":false,"_monsterinsights_sitenote_note":"","_monsterinsights_sitenote_category":0,"footnotes":""},"class_list":["post-256","page","type-page","status-publish","hentry"],"acf":[],"yoast_head":"<!-- This site is optimized with the Yoast SEO plugin v23.1 - https:\/\/yoast.com\/wordpress\/plugins\/seo\/ -->\n<title>Unsere Arbeitsweise - 2Rocks<\/title>\n<meta name=\"robots\" content=\"index, follow, max-snippet:-1, max-image-preview:large, max-video-preview:-1\" \/>\n<link rel=\"canonical\" href=\"http:\/\/www.2rocks.nl\/de\/unsere-arbeitsweise\/\" \/>\n<meta property=\"og:locale\" content=\"de_DE\" \/>\n<meta property=\"og:type\" content=\"article\" \/>\n<meta property=\"og:title\" content=\"Unsere Arbeitsweise - 2Rocks\" \/>\n<meta property=\"og:description\" content=\"Ganzheitlicher Allround-Ansatz 2Rocks agiert mit einem ganzheitlichen Allround-Ansatz auf dem Immobilienmarkt. Dies k\u00f6nnen wir nur leisten dank gezielter Kooperation mit tonangebenden Partnern, an denen wir teilweise auch beteiligt sind. Hochspezialisierte Experten, die gemeinsam mit uns ein Totalangebot realisieren, die Ihnen jedoch auch in bestimmten Teilaspekten weiterhelfen k\u00f6nnen. F\u00fcr Sie, unseren Auftraggeber, setzen wir alle Hebel... Artikel ansehen\" \/>\n<meta property=\"og:url\" content=\"http:\/\/www.2rocks.nl\/de\/unsere-arbeitsweise\/\" \/>\n<meta property=\"og:site_name\" content=\"2Rocks\" \/>\n<meta property=\"article:modified_time\" content=\"2016-04-04T17:38:20+00:00\" \/>\n<meta name=\"twitter:card\" content=\"summary_large_image\" \/>\n<meta name=\"twitter:label1\" content=\"Gesch\u00e4tzte Lesezeit\" \/>\n\t<meta name=\"twitter:data1\" content=\"1\u00a0Minute\" \/>\n<script type=\"application\/ld+json\" class=\"yoast-schema-graph\">{\"@context\":\"https:\/\/schema.org\",\"@graph\":[{\"@type\":\"WebPage\",\"@id\":\"http:\/\/www.2rocks.nl\/de\/unsere-arbeitsweise\/\",\"url\":\"http:\/\/www.2rocks.nl\/de\/unsere-arbeitsweise\/\",\"name\":\"Unsere Arbeitsweise - 2Rocks\",\"isPartOf\":{\"@id\":\"http:\/\/www.2rocks.nl\/#website\"},\"datePublished\":\"2015-10-14T09:41:41+00:00\",\"dateModified\":\"2016-04-04T17:38:20+00:00\",\"breadcrumb\":{\"@id\":\"http:\/\/www.2rocks.nl\/de\/unsere-arbeitsweise\/#breadcrumb\"},\"inLanguage\":\"de\",\"potentialAction\":[{\"@type\":\"ReadAction\",\"target\":[\"http:\/\/www.2rocks.nl\/de\/unsere-arbeitsweise\/\"]}]},{\"@type\":\"BreadcrumbList\",\"@id\":\"http:\/\/www.2rocks.nl\/de\/unsere-arbeitsweise\/#breadcrumb\",\"itemListElement\":[{\"@type\":\"ListItem\",\"position\":1,\"name\":\"Home\",\"item\":\"http:\/\/www.2rocks.nl\/de\/\"},{\"@type\":\"ListItem\",\"position\":2,\"name\":\"Unsere Arbeitsweise\"}]},{\"@type\":\"WebSite\",\"@id\":\"http:\/\/www.2rocks.nl\/#website\",\"url\":\"http:\/\/www.2rocks.nl\/\",\"name\":\"2Rocks\",\"description\":\"VASTGOED DEVELOPMENT, INVESTMENT &amp; MANAGEMENT\",\"potentialAction\":[{\"@type\":\"SearchAction\",\"target\":{\"@type\":\"EntryPoint\",\"urlTemplate\":\"http:\/\/www.2rocks.nl\/?s={search_term_string}\"},\"query-input\":\"required name=search_term_string\"}],\"inLanguage\":\"de\"}]}<\/script>\n<!-- \/ Yoast SEO plugin. -->","yoast_head_json":{"title":"Unsere Arbeitsweise - 2Rocks","robots":{"index":"index","follow":"follow","max-snippet":"max-snippet:-1","max-image-preview":"max-image-preview:large","max-video-preview":"max-video-preview:-1"},"canonical":"http:\/\/www.2rocks.nl\/de\/unsere-arbeitsweise\/","og_locale":"de_DE","og_type":"article","og_title":"Unsere Arbeitsweise - 2Rocks","og_description":"Ganzheitlicher Allround-Ansatz 2Rocks agiert mit einem ganzheitlichen Allround-Ansatz auf dem Immobilienmarkt. Dies k\u00f6nnen wir nur leisten dank gezielter Kooperation mit tonangebenden Partnern, an denen wir teilweise auch beteiligt sind. Hochspezialisierte Experten, die gemeinsam mit uns ein Totalangebot realisieren, die Ihnen jedoch auch in bestimmten Teilaspekten weiterhelfen k\u00f6nnen. F\u00fcr Sie, unseren Auftraggeber, setzen wir alle Hebel... Artikel ansehen","og_url":"http:\/\/www.2rocks.nl\/de\/unsere-arbeitsweise\/","og_site_name":"2Rocks","article_modified_time":"2016-04-04T17:38:20+00:00","twitter_card":"summary_large_image","twitter_misc":{"Gesch\u00e4tzte Lesezeit":"1\u00a0Minute"},"schema":{"@context":"https:\/\/schema.org","@graph":[{"@type":"WebPage","@id":"http:\/\/www.2rocks.nl\/de\/unsere-arbeitsweise\/","url":"http:\/\/www.2rocks.nl\/de\/unsere-arbeitsweise\/","name":"Unsere Arbeitsweise - 2Rocks","isPartOf":{"@id":"http:\/\/www.2rocks.nl\/#website"},"datePublished":"2015-10-14T09:41:41+00:00","dateModified":"2016-04-04T17:38:20+00:00","breadcrumb":{"@id":"http:\/\/www.2rocks.nl\/de\/unsere-arbeitsweise\/#breadcrumb"},"inLanguage":"de","potentialAction":[{"@type":"ReadAction","target":["http:\/\/www.2rocks.nl\/de\/unsere-arbeitsweise\/"]}]},{"@type":"BreadcrumbList","@id":"http:\/\/www.2rocks.nl\/de\/unsere-arbeitsweise\/#breadcrumb","itemListElement":[{"@type":"ListItem","position":1,"name":"Home","item":"http:\/\/www.2rocks.nl\/de\/"},{"@type":"ListItem","position":2,"name":"Unsere Arbeitsweise"}]},{"@type":"WebSite","@id":"http:\/\/www.2rocks.nl\/#website","url":"http:\/\/www.2rocks.nl\/","name":"2Rocks","description":"VASTGOED DEVELOPMENT, INVESTMENT &amp; MANAGEMENT","potentialAction":[{"@type":"SearchAction","target":{"@type":"EntryPoint","urlTemplate":"http:\/\/www.2rocks.nl\/?s={search_term_string}"},"query-input":"required name=search_term_string"}],"inLanguage":"de"}]}},"_links":{"self":[{"href":"http:\/\/www.2rocks.nl\/de\/wp-json\/wp\/v2\/pages\/256"}],"collection":[{"href":"http:\/\/www.2rocks.nl\/de\/wp-json\/wp\/v2\/pages"}],"about":[{"href":"http:\/\/www.2rocks.nl\/de\/wp-json\/wp\/v2\/types\/page"}],"author":[{"embeddable":true,"href":"http:\/\/www.2rocks.nl\/de\/wp-json\/wp\/v2\/users\/2"}],"replies":[{"embeddable":true,"href":"http:\/\/www.2rocks.nl\/de\/wp-json\/wp\/v2\/comments?post=256"}],"version-history":[{"count":2,"href":"http:\/\/www.2rocks.nl\/de\/wp-json\/wp\/v2\/pages\/256\/revisions"}],"predecessor-version":[{"id":467,"href":"http:\/\/www.2rocks.nl\/de\/wp-json\/wp\/v2\/pages\/256\/revisions\/467"}],"wp:attachment":[{"href":"http:\/\/www.2rocks.nl\/de\/wp-json\/wp\/v2\/media?parent=256"}],"curies":[{"name":"wp","href":"https:\/\/api.w.org\/{rel}","templated":true}]}}