{"id":250,"date":"2015-10-14T09:39:14","date_gmt":"2015-10-14T09:39:14","guid":{"rendered":"http:\/\/www.2rocks.nl\/de\/?page_id=250"},"modified":"2016-04-04T17:17:52","modified_gmt":"2016-04-04T17:17:52","slug":"2rocks-management","status":"publish","type":"page","link":"http:\/\/www.2rocks.nl\/de\/2rocks-management\/","title":{"rendered":"2Rocks Management"},"content":{"rendered":"<h2>Management von Immobilienportfolios<\/h2>\n<p>Beim Management von Immobilienportfolios ist eine ruhige Hand gefragt. 2Rocks k\u00fcmmert sich um den Erwerb und den Verkauf von Objekten in bestehenden und neuen Immobilienportfolios. Dabei werden die Marktentwicklungen mit Argusaugen verfolgt, analysiert und in die Praxis umgesetzt. In Form von Berichten und Investitionsvorschl\u00e4gen verf\u00fcgen Sie immer \u00fcber die neuesten Marktinformationen. Marktinformationen, anhand derer wir ein optimal austariertes Anlageprofil erstellen. Selbstverst\u00e4ndlich sehen wir Sie dabei nicht als passive Randfigur, sondern legen gro\u00dfen Wert auf Ihr Mitdenken. Wir laufen zu H\u00f6chstform auf, wenn die Zusammenarbeit auf partnerschaftlicher Basis verl\u00e4uft. Ein Beispiel daf\u00fcr ist die Hooge Raedt Groep, eine in den Niederlanden landesweit t\u00e4tige private Investmentgesellschaft, f\u00fcr die 2Rocks verschiedene Portfolios verwaltet. 2Rocks pflegt Kontakte zu verschiedenen Marktbeteiligten, \u00fcberwacht die (makro-)\u00f6konomische Immobilienpolitik und erkennt Marktentwicklungen und Chancen. Unterst\u00fctzt durch Sch\u00e4tzgutachten und aufschlussreiche Berichte werden diese Pl\u00e4ne umgesetzt und die zuvor veranschlagten Renditen erzielt.<\/p>\n<p>Ein weiteres Beispiel f\u00fcr ein ma\u00dfgerecht entwickeltes Portfolio sind die Urban Studios in Amsterdam, Rotterdam und Maastricht &#8211; Wohnobjekte f\u00fcr hochqualifizierte Einsteiger auf dem Wohnungsmarkt.<\/p>\n<p>Unser Ausgangspunkt ist die Erzielung optimaler Renditen zu Ihren Gunsten.<\/p>\n<h2>Property Management<\/h2>\n<p>Die Rendite einer Immobilie steht und f\u00e4llt gr\u00f6\u00dftenteils mit der Instandhaltung. \u00dcber seinen Partner Compact Real Estate Services bietet 2Rocks das Komplettpaket an Leistungen &#8211; ob kaufm\u00e4nnisch, technisch oder administrativ &#8211; zur optimalen Verwaltung Ihrer Immobilien. Das Leistungsangebot von Compact Real Estate Services umfasst u. a. die Einziehung von Mieten und Nebenkosten, die Verwaltung von Mietvertr\u00e4gen und Inflationskorrekturen, ein effektives Mahnwesen und die monatliche Mietabrechnung. \u00dcber mehrj\u00e4hrige Instandhaltungspl\u00e4ne und Budgets werden die Geb\u00e4ude optimal inventarisiert und instandgehalten. Unsere Verwaltung k\u00fcmmert sich um die Festlegung des Etats und um die Erstellung des Jahresabschlusses. Auf diese Weise leisten wir unseren Beitrag, damit Ihre Mieter zufrieden bleiben und Ihre Mieteinnahmen langfristig stabil bleiben.<\/p>\n<p>Unser Ausgangspunkt ist die Erzielung stabiler Mieteinnahmen und optimaler Renditen zu Ihren Gunsten.<\/p>\n<p>In Sachen Management arbeiten wir zusammen mit:<\/p>\n","protected":false},"excerpt":{"rendered":"Management von Immobilienportfolios Beim Management von Immobilienportfolios ist eine ruhige Hand gefragt. 2Rocks k\u00fcmmert sich um den Erwerb und den Verkauf von Objekten in bestehenden und neuen Immobilienportfolios. Dabei werden die Marktentwicklungen mit Argusaugen verfolgt, analysiert und in die Praxis umgesetzt. In Form von Berichten und Investitionsvorschl\u00e4gen verf\u00fcgen Sie immer \u00fcber die neuesten Marktinformationen. Marktinformationen,&#8230; <a class=\"view-article\" href=\"http:\/\/www.2rocks.nl\/de\/2rocks-management\/\">Artikel ansehen<\/a>","protected":false},"author":2,"featured_media":0,"parent":0,"menu_order":0,"comment_status":"closed","ping_status":"closed","template":"","meta":{"_acf_changed":false,"_monsterinsights_skip_tracking":false,"_monsterinsights_sitenote_active":false,"_monsterinsights_sitenote_note":"","_monsterinsights_sitenote_category":0,"footnotes":""},"class_list":["post-250","page","type-page","status-publish","hentry"],"acf":[],"yoast_head":"<!-- This site is optimized with the Yoast SEO plugin v23.1 - https:\/\/yoast.com\/wordpress\/plugins\/seo\/ -->\n<title>2Rocks Management - 2Rocks<\/title>\n<meta name=\"robots\" content=\"index, follow, max-snippet:-1, max-image-preview:large, max-video-preview:-1\" \/>\n<link rel=\"canonical\" href=\"http:\/\/www.2rocks.nl\/de\/2rocks-management\/\" \/>\n<meta property=\"og:locale\" content=\"de_DE\" \/>\n<meta property=\"og:type\" content=\"article\" \/>\n<meta property=\"og:title\" content=\"2Rocks Management - 2Rocks\" \/>\n<meta property=\"og:description\" content=\"Management von Immobilienportfolios Beim Management von Immobilienportfolios ist eine ruhige Hand gefragt. 2Rocks k\u00fcmmert sich um den Erwerb und den Verkauf von Objekten in bestehenden und neuen Immobilienportfolios. Dabei werden die Marktentwicklungen mit Argusaugen verfolgt, analysiert und in die Praxis umgesetzt. In Form von Berichten und Investitionsvorschl\u00e4gen verf\u00fcgen Sie immer \u00fcber die neuesten Marktinformationen. Marktinformationen,... Artikel ansehen\" \/>\n<meta property=\"og:url\" content=\"http:\/\/www.2rocks.nl\/de\/2rocks-management\/\" \/>\n<meta property=\"og:site_name\" content=\"2Rocks\" \/>\n<meta property=\"article:modified_time\" content=\"2016-04-04T17:17:52+00:00\" \/>\n<meta name=\"twitter:card\" content=\"summary_large_image\" \/>\n<meta name=\"twitter:label1\" content=\"Gesch\u00e4tzte Lesezeit\" \/>\n\t<meta name=\"twitter:data1\" content=\"2\u00a0Minuten\" \/>\n<script type=\"application\/ld+json\" class=\"yoast-schema-graph\">{\"@context\":\"https:\/\/schema.org\",\"@graph\":[{\"@type\":\"WebPage\",\"@id\":\"http:\/\/www.2rocks.nl\/de\/2rocks-management\/\",\"url\":\"http:\/\/www.2rocks.nl\/de\/2rocks-management\/\",\"name\":\"2Rocks Management - 2Rocks\",\"isPartOf\":{\"@id\":\"http:\/\/www.2rocks.nl\/#website\"},\"datePublished\":\"2015-10-14T09:39:14+00:00\",\"dateModified\":\"2016-04-04T17:17:52+00:00\",\"breadcrumb\":{\"@id\":\"http:\/\/www.2rocks.nl\/de\/2rocks-management\/#breadcrumb\"},\"inLanguage\":\"de\",\"potentialAction\":[{\"@type\":\"ReadAction\",\"target\":[\"http:\/\/www.2rocks.nl\/de\/2rocks-management\/\"]}]},{\"@type\":\"BreadcrumbList\",\"@id\":\"http:\/\/www.2rocks.nl\/de\/2rocks-management\/#breadcrumb\",\"itemListElement\":[{\"@type\":\"ListItem\",\"position\":1,\"name\":\"Home\",\"item\":\"http:\/\/www.2rocks.nl\/de\/\"},{\"@type\":\"ListItem\",\"position\":2,\"name\":\"2Rocks Management\"}]},{\"@type\":\"WebSite\",\"@id\":\"http:\/\/www.2rocks.nl\/#website\",\"url\":\"http:\/\/www.2rocks.nl\/\",\"name\":\"2Rocks\",\"description\":\"VASTGOED DEVELOPMENT, INVESTMENT &amp; MANAGEMENT\",\"potentialAction\":[{\"@type\":\"SearchAction\",\"target\":{\"@type\":\"EntryPoint\",\"urlTemplate\":\"http:\/\/www.2rocks.nl\/?s={search_term_string}\"},\"query-input\":\"required name=search_term_string\"}],\"inLanguage\":\"de\"}]}<\/script>\n<!-- \/ Yoast SEO plugin. -->","yoast_head_json":{"title":"2Rocks Management - 2Rocks","robots":{"index":"index","follow":"follow","max-snippet":"max-snippet:-1","max-image-preview":"max-image-preview:large","max-video-preview":"max-video-preview:-1"},"canonical":"http:\/\/www.2rocks.nl\/de\/2rocks-management\/","og_locale":"de_DE","og_type":"article","og_title":"2Rocks Management - 2Rocks","og_description":"Management von Immobilienportfolios Beim Management von Immobilienportfolios ist eine ruhige Hand gefragt. 2Rocks k\u00fcmmert sich um den Erwerb und den Verkauf von Objekten in bestehenden und neuen Immobilienportfolios. Dabei werden die Marktentwicklungen mit Argusaugen verfolgt, analysiert und in die Praxis umgesetzt. In Form von Berichten und Investitionsvorschl\u00e4gen verf\u00fcgen Sie immer \u00fcber die neuesten Marktinformationen. Marktinformationen,... Artikel ansehen","og_url":"http:\/\/www.2rocks.nl\/de\/2rocks-management\/","og_site_name":"2Rocks","article_modified_time":"2016-04-04T17:17:52+00:00","twitter_card":"summary_large_image","twitter_misc":{"Gesch\u00e4tzte Lesezeit":"2\u00a0Minuten"},"schema":{"@context":"https:\/\/schema.org","@graph":[{"@type":"WebPage","@id":"http:\/\/www.2rocks.nl\/de\/2rocks-management\/","url":"http:\/\/www.2rocks.nl\/de\/2rocks-management\/","name":"2Rocks Management - 2Rocks","isPartOf":{"@id":"http:\/\/www.2rocks.nl\/#website"},"datePublished":"2015-10-14T09:39:14+00:00","dateModified":"2016-04-04T17:17:52+00:00","breadcrumb":{"@id":"http:\/\/www.2rocks.nl\/de\/2rocks-management\/#breadcrumb"},"inLanguage":"de","potentialAction":[{"@type":"ReadAction","target":["http:\/\/www.2rocks.nl\/de\/2rocks-management\/"]}]},{"@type":"BreadcrumbList","@id":"http:\/\/www.2rocks.nl\/de\/2rocks-management\/#breadcrumb","itemListElement":[{"@type":"ListItem","position":1,"name":"Home","item":"http:\/\/www.2rocks.nl\/de\/"},{"@type":"ListItem","position":2,"name":"2Rocks Management"}]},{"@type":"WebSite","@id":"http:\/\/www.2rocks.nl\/#website","url":"http:\/\/www.2rocks.nl\/","name":"2Rocks","description":"VASTGOED DEVELOPMENT, INVESTMENT &amp; MANAGEMENT","potentialAction":[{"@type":"SearchAction","target":{"@type":"EntryPoint","urlTemplate":"http:\/\/www.2rocks.nl\/?s={search_term_string}"},"query-input":"required name=search_term_string"}],"inLanguage":"de"}]}},"_links":{"self":[{"href":"http:\/\/www.2rocks.nl\/de\/wp-json\/wp\/v2\/pages\/250"}],"collection":[{"href":"http:\/\/www.2rocks.nl\/de\/wp-json\/wp\/v2\/pages"}],"about":[{"href":"http:\/\/www.2rocks.nl\/de\/wp-json\/wp\/v2\/types\/page"}],"author":[{"embeddable":true,"href":"http:\/\/www.2rocks.nl\/de\/wp-json\/wp\/v2\/users\/2"}],"replies":[{"embeddable":true,"href":"http:\/\/www.2rocks.nl\/de\/wp-json\/wp\/v2\/comments?post=250"}],"version-history":[{"count":2,"href":"http:\/\/www.2rocks.nl\/de\/wp-json\/wp\/v2\/pages\/250\/revisions"}],"predecessor-version":[{"id":460,"href":"http:\/\/www.2rocks.nl\/de\/wp-json\/wp\/v2\/pages\/250\/revisions\/460"}],"wp:attachment":[{"href":"http:\/\/www.2rocks.nl\/de\/wp-json\/wp\/v2\/media?parent=250"}],"curies":[{"name":"wp","href":"https:\/\/api.w.org\/{rel}","templated":true}]}}