{"id":243,"date":"2015-10-14T09:34:48","date_gmt":"2015-10-14T09:34:48","guid":{"rendered":"http:\/\/www.2rocks.nl\/de\/?page_id=243"},"modified":"2016-04-04T17:16:04","modified_gmt":"2016-04-04T17:16:04","slug":"2rocks-development","status":"publish","type":"page","link":"http:\/\/www.2rocks.nl\/de\/2rocks-development\/","title":{"rendered":"2Rocks Development"},"content":{"rendered":"<h2>Entwicklung von Immobilienprojekten<\/h2>\n<p>Die Entwicklung (und Sanierung) von Immobilienprojekten ist eines der Gebiete, auf dem wir uns besonders bew\u00e4hrt haben. Wir erkunden und analysieren s\u00e4mtliche Chancen und M\u00f6glichkeiten. Chancen und M\u00f6glichkeiten, aus denen sp\u00e4ter erfolgreiche Projekte werden. Wie die Urban Studios in Amsterdam, Rotterdam und Maastricht, die Entwicklung von zwei Curios-Ferienanlagen an der niederl\u00e4ndischen K\u00fcste (Ameland und Bloemendaal) und zwei Hotels in Grenzn\u00e4he (Valkenburg und Maastricht). Erfolgreiche Projekte, die wir auch f\u00fcr Sie realisieren k\u00f6nnen. Ob schl\u00fcsselfertig oder nur in Teilaspekten &#8211; das ist zun\u00e4chst einmal zweitrangig. Schl\u00fcsselfertige Projekte haben den Vorteil, dass 2Rocks Sie maximal entlastet. Ihre Sorgen sind nicht mehr Ihre, sondern unsere Sorgen.<\/p>\n<p>Unser Ausgangspunkt ist die Erzielung optimaler Renditen zu Ihren Gunsten.<\/p>\n<p>In Sachen Projektentwicklung arbeiten wir zusammen mit:<\/p>\n<p>Compact Leisure Investment<br \/>\nCompact Financial Services, <a href=\"http:\/\/compact-fs.nl\" target=\"_blank\">compact-fs.nl<\/a><\/p>\n","protected":false},"excerpt":{"rendered":"Entwicklung von Immobilienprojekten Die Entwicklung (und Sanierung) von Immobilienprojekten ist eines der Gebiete, auf dem wir uns besonders bew\u00e4hrt haben. Wir erkunden und analysieren s\u00e4mtliche Chancen und M\u00f6glichkeiten. Chancen und M\u00f6glichkeiten, aus denen sp\u00e4ter erfolgreiche Projekte werden. Wie die Urban Studios in Amsterdam, Rotterdam und Maastricht, die Entwicklung von zwei Curios-Ferienanlagen an der niederl\u00e4ndischen K\u00fcste&#8230; <a class=\"view-article\" href=\"http:\/\/www.2rocks.nl\/de\/2rocks-development\/\">Artikel ansehen<\/a>","protected":false},"author":2,"featured_media":0,"parent":0,"menu_order":0,"comment_status":"closed","ping_status":"closed","template":"","meta":{"_acf_changed":false,"_monsterinsights_skip_tracking":false,"_monsterinsights_sitenote_active":false,"_monsterinsights_sitenote_note":"","_monsterinsights_sitenote_category":0,"footnotes":""},"class_list":["post-243","page","type-page","status-publish","hentry"],"acf":[],"yoast_head":"<!-- This site is optimized with the Yoast SEO plugin v23.1 - https:\/\/yoast.com\/wordpress\/plugins\/seo\/ -->\n<title>2Rocks Development - 2Rocks<\/title>\n<meta name=\"robots\" content=\"index, follow, max-snippet:-1, max-image-preview:large, max-video-preview:-1\" \/>\n<link rel=\"canonical\" href=\"http:\/\/www.2rocks.nl\/de\/2rocks-development\/\" \/>\n<meta property=\"og:locale\" content=\"de_DE\" \/>\n<meta property=\"og:type\" content=\"article\" \/>\n<meta property=\"og:title\" content=\"2Rocks Development - 2Rocks\" \/>\n<meta property=\"og:description\" content=\"Entwicklung von Immobilienprojekten Die Entwicklung (und Sanierung) von Immobilienprojekten ist eines der Gebiete, auf dem wir uns besonders bew\u00e4hrt haben. Wir erkunden und analysieren s\u00e4mtliche Chancen und M\u00f6glichkeiten. Chancen und M\u00f6glichkeiten, aus denen sp\u00e4ter erfolgreiche Projekte werden. Wie die Urban Studios in Amsterdam, Rotterdam und Maastricht, die Entwicklung von zwei Curios-Ferienanlagen an der niederl\u00e4ndischen K\u00fcste... Artikel ansehen\" \/>\n<meta property=\"og:url\" content=\"http:\/\/www.2rocks.nl\/de\/2rocks-development\/\" \/>\n<meta property=\"og:site_name\" content=\"2Rocks\" \/>\n<meta property=\"article:modified_time\" content=\"2016-04-04T17:16:04+00:00\" \/>\n<meta name=\"twitter:card\" content=\"summary_large_image\" \/>\n<meta name=\"twitter:label1\" content=\"Gesch\u00e4tzte Lesezeit\" \/>\n\t<meta name=\"twitter:data1\" content=\"1\u00a0Minute\" \/>\n<script type=\"application\/ld+json\" class=\"yoast-schema-graph\">{\"@context\":\"https:\/\/schema.org\",\"@graph\":[{\"@type\":\"WebPage\",\"@id\":\"http:\/\/www.2rocks.nl\/de\/2rocks-development\/\",\"url\":\"http:\/\/www.2rocks.nl\/de\/2rocks-development\/\",\"name\":\"2Rocks Development - 2Rocks\",\"isPartOf\":{\"@id\":\"https:\/\/www.2rocks.nl\/#website\"},\"datePublished\":\"2015-10-14T09:34:48+00:00\",\"dateModified\":\"2016-04-04T17:16:04+00:00\",\"breadcrumb\":{\"@id\":\"http:\/\/www.2rocks.nl\/de\/2rocks-development\/#breadcrumb\"},\"inLanguage\":\"de\",\"potentialAction\":[{\"@type\":\"ReadAction\",\"target\":[\"http:\/\/www.2rocks.nl\/de\/2rocks-development\/\"]}]},{\"@type\":\"BreadcrumbList\",\"@id\":\"http:\/\/www.2rocks.nl\/de\/2rocks-development\/#breadcrumb\",\"itemListElement\":[{\"@type\":\"ListItem\",\"position\":1,\"name\":\"Home\",\"item\":\"http:\/\/www.2rocks.nl\/de\/\"},{\"@type\":\"ListItem\",\"position\":2,\"name\":\"2Rocks Development\"}]},{\"@type\":\"WebSite\",\"@id\":\"https:\/\/www.2rocks.nl\/#website\",\"url\":\"https:\/\/www.2rocks.nl\/\",\"name\":\"2Rocks\",\"description\":\"VASTGOED DEVELOPMENT, INVESTMENT &amp; MANAGEMENT\",\"potentialAction\":[{\"@type\":\"SearchAction\",\"target\":{\"@type\":\"EntryPoint\",\"urlTemplate\":\"https:\/\/www.2rocks.nl\/?s={search_term_string}\"},\"query-input\":\"required name=search_term_string\"}],\"inLanguage\":\"de\"}]}<\/script>\n<!-- \/ Yoast SEO plugin. -->","yoast_head_json":{"title":"2Rocks Development - 2Rocks","robots":{"index":"index","follow":"follow","max-snippet":"max-snippet:-1","max-image-preview":"max-image-preview:large","max-video-preview":"max-video-preview:-1"},"canonical":"http:\/\/www.2rocks.nl\/de\/2rocks-development\/","og_locale":"de_DE","og_type":"article","og_title":"2Rocks Development - 2Rocks","og_description":"Entwicklung von Immobilienprojekten Die Entwicklung (und Sanierung) von Immobilienprojekten ist eines der Gebiete, auf dem wir uns besonders bew\u00e4hrt haben. Wir erkunden und analysieren s\u00e4mtliche Chancen und M\u00f6glichkeiten. Chancen und M\u00f6glichkeiten, aus denen sp\u00e4ter erfolgreiche Projekte werden. Wie die Urban Studios in Amsterdam, Rotterdam und Maastricht, die Entwicklung von zwei Curios-Ferienanlagen an der niederl\u00e4ndischen K\u00fcste... Artikel ansehen","og_url":"http:\/\/www.2rocks.nl\/de\/2rocks-development\/","og_site_name":"2Rocks","article_modified_time":"2016-04-04T17:16:04+00:00","twitter_card":"summary_large_image","twitter_misc":{"Gesch\u00e4tzte Lesezeit":"1\u00a0Minute"},"schema":{"@context":"https:\/\/schema.org","@graph":[{"@type":"WebPage","@id":"http:\/\/www.2rocks.nl\/de\/2rocks-development\/","url":"http:\/\/www.2rocks.nl\/de\/2rocks-development\/","name":"2Rocks Development - 2Rocks","isPartOf":{"@id":"https:\/\/www.2rocks.nl\/#website"},"datePublished":"2015-10-14T09:34:48+00:00","dateModified":"2016-04-04T17:16:04+00:00","breadcrumb":{"@id":"http:\/\/www.2rocks.nl\/de\/2rocks-development\/#breadcrumb"},"inLanguage":"de","potentialAction":[{"@type":"ReadAction","target":["http:\/\/www.2rocks.nl\/de\/2rocks-development\/"]}]},{"@type":"BreadcrumbList","@id":"http:\/\/www.2rocks.nl\/de\/2rocks-development\/#breadcrumb","itemListElement":[{"@type":"ListItem","position":1,"name":"Home","item":"http:\/\/www.2rocks.nl\/de\/"},{"@type":"ListItem","position":2,"name":"2Rocks Development"}]},{"@type":"WebSite","@id":"https:\/\/www.2rocks.nl\/#website","url":"https:\/\/www.2rocks.nl\/","name":"2Rocks","description":"VASTGOED DEVELOPMENT, INVESTMENT &amp; MANAGEMENT","potentialAction":[{"@type":"SearchAction","target":{"@type":"EntryPoint","urlTemplate":"https:\/\/www.2rocks.nl\/?s={search_term_string}"},"query-input":"required name=search_term_string"}],"inLanguage":"de"}]}},"_links":{"self":[{"href":"http:\/\/www.2rocks.nl\/de\/wp-json\/wp\/v2\/pages\/243"}],"collection":[{"href":"http:\/\/www.2rocks.nl\/de\/wp-json\/wp\/v2\/pages"}],"about":[{"href":"http:\/\/www.2rocks.nl\/de\/wp-json\/wp\/v2\/types\/page"}],"author":[{"embeddable":true,"href":"http:\/\/www.2rocks.nl\/de\/wp-json\/wp\/v2\/users\/2"}],"replies":[{"embeddable":true,"href":"http:\/\/www.2rocks.nl\/de\/wp-json\/wp\/v2\/comments?post=243"}],"version-history":[{"count":3,"href":"http:\/\/www.2rocks.nl\/de\/wp-json\/wp\/v2\/pages\/243\/revisions"}],"predecessor-version":[{"id":456,"href":"http:\/\/www.2rocks.nl\/de\/wp-json\/wp\/v2\/pages\/243\/revisions\/456"}],"wp:attachment":[{"href":"http:\/\/www.2rocks.nl\/de\/wp-json\/wp\/v2\/media?parent=243"}],"curies":[{"name":"wp","href":"https:\/\/api.w.org\/{rel}","templated":true}]}}